{"id":687,"date":"2026-02-25T14:36:46","date_gmt":"2026-02-25T14:36:46","guid":{"rendered":"https:\/\/www.regionsklinik.dk\/?page_id=687"},"modified":"2026-02-26T19:11:46","modified_gmt":"2026-02-26T19:11:46","slug":"naerklinik-moerkoev-skriv-til-laegen","status":"publish","type":"page","link":"https:\/\/www.regionsklinik.dk\/?page_id=687","title":{"rendered":"N\u00e6rklinik M\u00f8rk\u00f8v &#8211; Skriv til l\u00e6gen"},"content":{"rendered":"\t\t<div data-elementor-type=\"wp-page\" data-elementor-id=\"687\" class=\"elementor elementor-687\" data-elementor-post-type=\"page\">\n\t\t\t\t<div class=\"elementor-element elementor-element-d01107e e-flex e-con-boxed e-con e-parent\" data-id=\"d01107e\" data-element_type=\"container\" data-e-type=\"container\">\n\t\t\t\t\t<div class=\"e-con-inner\">\n\t\t\t\t<div class=\"elementor-element elementor-element-29b36ba elementor-widget elementor-widget-heading\" data-id=\"29b36ba\" data-element_type=\"widget\" data-e-type=\"widget\" data-widget_type=\"heading.default\">\n\t\t\t\t\t<h2 class=\"elementor-heading-title elementor-size-default\">N\u00e6rklinik M\u00f8rk\u00f8v\n<br>\nSkriv til l\u00e6gen<\/h2>\t\t\t\t<\/div>\n\t\t\t\t\t<\/div>\n\t\t\t\t<\/div>\n\t\t<div class=\"elementor-element elementor-element-b7b89b0 e-flex e-con-boxed e-con e-parent\" data-id=\"b7b89b0\" data-element_type=\"container\" data-e-type=\"container\" data-settings=\"{&quot;background_background&quot;:&quot;classic&quot;}\">\n\t\t\t\t\t<div class=\"e-con-inner\">\n\t\t\t\t<div class=\"elementor-element elementor-element-4ccad2b elementor-widget elementor-widget-html\" data-id=\"4ccad2b\" data-element_type=\"widget\" data-e-type=\"widget\" data-widget_type=\"html.default\">\n\t\t\t\t\t<iframe src='https:\/\/resources.multimed.dk\/iframe\/econs.php?id=4yzegoveo5vy7fhy0kbciqq5u86ca2jhsn0xmlytcbri6hfdhd&exthost=true' style='width: 550px; height: 550px; border: none; overflow: hidden;' scrolling='yes'><\/iframe>\t\t\t\t<\/div>\n\t\t\t\t\t<\/div>\n\t\t\t\t<\/div>\n\t\t<div class=\"elementor-element elementor-element-7327e2c e-flex e-con-boxed e-con e-parent\" data-id=\"7327e2c\" data-element_type=\"container\" data-e-type=\"container\">\n\t\t\t\t\t<div class=\"e-con-inner\">\n\t\t\t\t<div class=\"elementor-element elementor-element-26baa4c elementor-align-center elementor-widget elementor-widget-button\" data-id=\"26baa4c\" data-element_type=\"widget\" data-e-type=\"widget\" data-widget_type=\"button.default\">\n\t\t\t\t\t\t\t\t\t\t<a class=\"elementor-button elementor-button-link elementor-size-sm\" href=\"https:\/\/www.regionsklinik.dk\/?page_id=667\">\n\t\t\t\t\t\t<span class=\"elementor-button-content-wrapper\">\n\t\t\t\t\t\t\t\t\t<span class=\"elementor-button-text\">Retur til forside<\/span>\n\t\t\t\t\t<\/span>\n\t\t\t\t\t<\/a>\n\t\t\t\t\t\t\t\t<\/div>\n\t\t\t\t\t<\/div>\n\t\t\t\t<\/div>\n\t\t\t\t<\/div>\n\t\t","protected":false},"excerpt":{"rendered":"<p>N\u00e6rklinik M\u00f8rk\u00f8v Skriv til l\u00e6gen Retur til forside<\/p>\n","protected":false},"author":1,"featured_media":0,"parent":0,"menu_order":0,"comment_status":"closed","ping_status":"closed","template":"","meta":{"footnotes":""},"class_list":["post-687","page","type-page","status-publish","hentry"],"_links":{"self":[{"href":"https:\/\/www.regionsklinik.dk\/index.php?rest_route=\/wp\/v2\/pages\/687","targetHints":{"allow":["GET"]}}],"collection":[{"href":"https:\/\/www.regionsklinik.dk\/index.php?rest_route=\/wp\/v2\/pages"}],"about":[{"href":"https:\/\/www.regionsklinik.dk\/index.php?rest_route=\/wp\/v2\/types\/page"}],"author":[{"embeddable":true,"href":"https:\/\/www.regionsklinik.dk\/index.php?rest_route=\/wp\/v2\/users\/1"}],"replies":[{"embeddable":true,"href":"https:\/\/www.regionsklinik.dk\/index.php?rest_route=%2Fwp%2Fv2%2Fcomments&post=687"}],"version-history":[{"count":11,"href":"https:\/\/www.regionsklinik.dk\/index.php?rest_route=\/wp\/v2\/pages\/687\/revisions"}],"predecessor-version":[{"id":713,"href":"https:\/\/www.regionsklinik.dk\/index.php?rest_route=\/wp\/v2\/pages\/687\/revisions\/713"}],"wp:attachment":[{"href":"https:\/\/www.regionsklinik.dk\/index.php?rest_route=%2Fwp%2Fv2%2Fmedia&parent=687"}],"curies":[{"name":"wp","href":"https:\/\/api.w.org\/{rel}","templated":true}]}}