{"id":678,"date":"2026-02-25T14:18:42","date_gmt":"2026-02-25T14:18:42","guid":{"rendered":"https:\/\/www.regionsklinik.dk\/?page_id=678"},"modified":"2026-02-26T19:09:58","modified_gmt":"2026-02-26T19:09:58","slug":"naerklinik-moerkoev-tidsbestilling","status":"publish","type":"page","link":"https:\/\/www.regionsklinik.dk\/?page_id=678","title":{"rendered":"N\u00e6rklinik M\u00f8rk\u00f8v &#8211; Tidsbestilling"},"content":{"rendered":"\t\t<div data-elementor-type=\"wp-page\" data-elementor-id=\"678\" class=\"elementor elementor-678\" data-elementor-post-type=\"page\">\n\t\t\t\t<div class=\"elementor-element elementor-element-708713a e-flex e-con-boxed e-con e-parent\" data-id=\"708713a\" data-element_type=\"container\" data-e-type=\"container\">\n\t\t\t\t\t<div class=\"e-con-inner\">\n\t\t\t\t<div class=\"elementor-element elementor-element-9609658 elementor-widget elementor-widget-heading\" data-id=\"9609658\" data-element_type=\"widget\" data-e-type=\"widget\" data-widget_type=\"heading.default\">\n\t\t\t\t\t<h2 class=\"elementor-heading-title elementor-size-default\">N\u00e6rklinik M\u00f8rk\u00f8v\n<br>Tidsbestilling<\/h2>\t\t\t\t<\/div>\n\t\t\t\t\t<\/div>\n\t\t\t\t<\/div>\n\t\t<div class=\"elementor-element elementor-element-c488780 e-flex e-con-boxed e-con e-parent\" data-id=\"c488780\" data-element_type=\"container\" data-e-type=\"container\" data-settings=\"{&quot;background_background&quot;:&quot;classic&quot;}\">\n\t\t\t\t\t<div class=\"e-con-inner\">\n\t\t\t\t<div class=\"elementor-element elementor-element-d2603d6 elementor-widget elementor-widget-html\" data-id=\"d2603d6\" data-element_type=\"widget\" data-e-type=\"widget\" data-widget_type=\"html.default\">\n\t\t\t\t\t<iframe src='https:\/\/resources.multimed.dk\/iframe\/booking.php?id=4yzegoveo5vy7fhy0kbciqq5u86ca2jhsn0xmlytcbri6hfdhd&exthost=true' style='width: 520px; height: 550px; border: none; overflow: hidden;' scrolling='yes'><\/iframe>\t\t\t\t<\/div>\n\t\t\t\t\t<\/div>\n\t\t\t\t<\/div>\n\t\t<div class=\"elementor-element elementor-element-5625c8a e-flex e-con-boxed e-con e-parent\" data-id=\"5625c8a\" data-element_type=\"container\" data-e-type=\"container\">\n\t\t\t\t\t<div class=\"e-con-inner\">\n\t\t\t\t<div class=\"elementor-element elementor-element-045da12 elementor-align-center elementor-widget elementor-widget-button\" data-id=\"045da12\" data-element_type=\"widget\" data-e-type=\"widget\" data-widget_type=\"button.default\">\n\t\t\t\t\t\t\t\t\t\t<a class=\"elementor-button elementor-button-link elementor-size-sm\" href=\"https:\/\/www.regionsklinik.dk\/?page_id=667\">\n\t\t\t\t\t\t<span class=\"elementor-button-content-wrapper\">\n\t\t\t\t\t\t\t\t\t<span class=\"elementor-button-text\">Retur til forside<\/span>\n\t\t\t\t\t<\/span>\n\t\t\t\t\t<\/a>\n\t\t\t\t\t\t\t\t<\/div>\n\t\t\t\t\t<\/div>\n\t\t\t\t<\/div>\n\t\t\t\t<\/div>\n\t\t","protected":false},"excerpt":{"rendered":"<p>N\u00e6rklinik M\u00f8rk\u00f8v Tidsbestilling Retur til forside<\/p>\n","protected":false},"author":1,"featured_media":0,"parent":0,"menu_order":0,"comment_status":"closed","ping_status":"closed","template":"","meta":{"footnotes":""},"class_list":["post-678","page","type-page","status-publish","hentry"],"_links":{"self":[{"href":"https:\/\/www.regionsklinik.dk\/index.php?rest_route=\/wp\/v2\/pages\/678","targetHints":{"allow":["GET"]}}],"collection":[{"href":"https:\/\/www.regionsklinik.dk\/index.php?rest_route=\/wp\/v2\/pages"}],"about":[{"href":"https:\/\/www.regionsklinik.dk\/index.php?rest_route=\/wp\/v2\/types\/page"}],"author":[{"embeddable":true,"href":"https:\/\/www.regionsklinik.dk\/index.php?rest_route=\/wp\/v2\/users\/1"}],"replies":[{"embeddable":true,"href":"https:\/\/www.regionsklinik.dk\/index.php?rest_route=%2Fwp%2Fv2%2Fcomments&post=678"}],"version-history":[{"count":7,"href":"https:\/\/www.regionsklinik.dk\/index.php?rest_route=\/wp\/v2\/pages\/678\/revisions"}],"predecessor-version":[{"id":710,"href":"https:\/\/www.regionsklinik.dk\/index.php?rest_route=\/wp\/v2\/pages\/678\/revisions\/710"}],"wp:attachment":[{"href":"https:\/\/www.regionsklinik.dk\/index.php?rest_route=%2Fwp%2Fv2%2Fmedia&parent=678"}],"curies":[{"name":"wp","href":"https:\/\/api.w.org\/{rel}","templated":true}]}}